{"id":402,"date":"2024-08-04T15:37:32","date_gmt":"2024-08-04T15:37:32","guid":{"rendered":"https:\/\/domainenico.com\/nosotros\/"},"modified":"2025-05-22T19:07:09","modified_gmt":"2025-05-22T19:07:09","slug":"about","status":"publish","type":"page","link":"https:\/\/domainenico.com\/en\/about\/","title":{"rendered":"About Us"},"content":{"rendered":"[vc_row type=&#8221;in_container&#8221; full_screen_row_position=&#8221;middle&#8221; column_margin=&#8221;default&#8221; column_direction=&#8221;default&#8221; column_direction_tablet=&#8221;default&#8221; column_direction_phone=&#8221;default&#8221; scene_position=&#8221;center&#8221; text_color=&#8221;dark&#8221; text_align=&#8221;left&#8221; row_border_radius=&#8221;none&#8221; row_border_radius_applies=&#8221;bg&#8221; overflow=&#8221;visible&#8221; overlay_strength=&#8221;0.3&#8243; gradient_direction=&#8221;left_to_right&#8221; shape_divider_position=&#8221;bottom&#8221; bg_image_animation=&#8221;none&#8221;][vc_column column_padding=&#8221;no-extra-padding&#8221; column_padding_tablet=&#8221;inherit&#8221; column_padding_phone=&#8221;inherit&#8221; column_padding_position=&#8221;all&#8221; column_element_direction_desktop=&#8221;default&#8221; column_element_spacing=&#8221;default&#8221; desktop_text_alignment=&#8221;default&#8221; tablet_text_alignment=&#8221;default&#8221; phone_text_alignment=&#8221;default&#8221; background_color_opacity=&#8221;1&#8243; background_hover_color_opacity=&#8221;1&#8243; column_backdrop_filter=&#8221;none&#8221; column_shadow=&#8221;none&#8221; column_border_radius=&#8221;none&#8221; column_link_target=&#8221;_self&#8221; column_position=&#8221;default&#8221; gradient_direction=&#8221;left_to_right&#8221; overlay_strength=&#8221;0.3&#8243; width=&#8221;1\/6&#8243; tablet_width_inherit=&#8221;default&#8221; animation_type=&#8221;default&#8221; bg_image_animation=&#8221;none&#8221; border_type=&#8221;simple&#8221; column_border_width=&#8221;none&#8221; column_border_style=&#8221;solid&#8221;][\/vc_column][vc_column column_padding=&#8221;no-extra-padding&#8221; column_padding_tablet=&#8221;inherit&#8221; column_padding_phone=&#8221;inherit&#8221; column_padding_position=&#8221;all&#8221; column_element_direction_desktop=&#8221;default&#8221; column_element_spacing=&#8221;default&#8221; desktop_text_alignment=&#8221;default&#8221; tablet_text_alignment=&#8221;default&#8221; phone_text_alignment=&#8221;default&#8221; background_color_opacity=&#8221;1&#8243; background_hover_color_opacity=&#8221;1&#8243; column_backdrop_filter=&#8221;none&#8221; column_shadow=&#8221;none&#8221; column_border_radius=&#8221;none&#8221; column_link_target=&#8221;_self&#8221; column_position=&#8221;default&#8221; gradient_direction=&#8221;left_to_right&#8221; overlay_strength=&#8221;0.3&#8243; width=&#8221;2\/6&#8243; tablet_width_inherit=&#8221;default&#8221; animation_type=&#8221;default&#8221; bg_image_animation=&#8221;none&#8221; border_type=&#8221;simple&#8221; column_border_width=&#8221;none&#8221; column_border_style=&#8221;solid&#8221;][team_member image_url=&#8221;35&#8243; bio_alt_image_url=&#8221;31&#8243; team_memeber_style=&#8221;bio_fullscreen_alt&#8221; bio_fullscreen_alt_parallax=&#8221;true&#8221; image_loading=&#8221;default&#8221; team_member_bio_full_html=&#8221;simple&#8221; name=&#8221;LAURA CATENA&#8221; job_position=&#8221;Founder&#8221; team_member_bio=&#8221;Dr. Laura Catena is a fourth generation Argentine vintner, physician and author. Laura was born in Mendoza and spent her childhood with her grandfather Domingo at the family&#8217;s winery in the small village of La Libertad. Laura graduated magna cum laude from Harvard University in 1988 and has a Medical Doctor degree from Stanford University. In 1995 Laura joined her father Nicol\u00e1s Catena Zapata at the family winery with the vision of making Argentine wines that could stand with the best of the world. Laura founded of her own Luca Winery in Mendoza, Argentina in 1999 to explore the quality potential of small OLD VINE family owned vineyards in the Uco Valley region of Mendoza. Laura splits her time between Mendoza, Argentina and San Francisco, California. Dr. Laura Catena has been called &#8220;the face of Argentine wine&#8220; for her active role in studying and promoting the Mendoza wine region and Argentine Malbec. Laura&#8217;s life obsession is to learn more about high altitude viticulture, the vineyard soil microbiome and wine ageability.&#8221;][\/team_member][\/vc_column][vc_column column_padding=&#8221;no-extra-padding&#8221; column_padding_tablet=&#8221;inherit&#8221; column_padding_phone=&#8221;inherit&#8221; column_padding_position=&#8221;all&#8221; column_element_direction_desktop=&#8221;default&#8221; column_element_spacing=&#8221;default&#8221; desktop_text_alignment=&#8221;default&#8221; tablet_text_alignment=&#8221;default&#8221; phone_text_alignment=&#8221;default&#8221; background_color_opacity=&#8221;1&#8243; background_hover_color_opacity=&#8221;1&#8243; column_backdrop_filter=&#8221;none&#8221; column_shadow=&#8221;none&#8221; column_border_radius=&#8221;none&#8221; column_link_target=&#8221;_self&#8221; column_position=&#8221;default&#8221; gradient_direction=&#8221;left_to_right&#8221; overlay_strength=&#8221;0.3&#8243; width=&#8221;2\/6&#8243; tablet_width_inherit=&#8221;default&#8221; animation_type=&#8221;default&#8221; bg_image_animation=&#8221;none&#8221; border_type=&#8221;simple&#8221; column_border_width=&#8221;none&#8221; column_border_style=&#8221;solid&#8221;][team_member image_url=&#8221;373&#8243; bio_alt_image_url=&#8221;371&#8243; team_memeber_style=&#8221;bio_fullscreen_alt&#8221; image_loading=&#8221;default&#8221; team_member_bio_full_html=&#8221;simple&#8221; name=&#8221;ROY URVIETA&#8221; job_position=&#8221;Winemaker&#8221; team_member_bio=&#8221;Roy Urvieta grew up in the La Consulta district of Mendoza, one of Argentina&#8217;s most famous regions for high-quality wine. He began his studies in computer science, but after a summer job at Catena when he was 18 years old, Roy fell in love with winemaking. Roy continued to work as a winemaker alongside Alejandro Vigil and Fernando Buscema at the Catena Institute while he finished his Enology degree at Universidad Tecnol\u00f3gica Nacional (UTN).<br \/>\nOne of Roy&#8217;s first projects was to study the behavior of different Pinot Noir clones and record the quality of each parcel.<br \/>\nIn 2016 Roy started his Ph.D. in Agronomy at the Universidad de Buenos Aires with focus in Sensory Science. His Ph.D. thesis aims to uncover the scientific basis for the flavors and aromas of Malbec across the various Mendoza wine regions. Currently, Roy is working with Laura Catena to elaborate authentic and elegant high-altitude Argentine Pinot Noir.&#8221;][\/team_member][\/vc_column][vc_column column_padding=&#8221;no-extra-padding&#8221; column_padding_tablet=&#8221;inherit&#8221; column_padding_phone=&#8221;inherit&#8221; column_padding_position=&#8221;all&#8221; column_element_direction_desktop=&#8221;default&#8221; column_element_spacing=&#8221;default&#8221; desktop_text_alignment=&#8221;default&#8221; tablet_text_alignment=&#8221;default&#8221; phone_text_alignment=&#8221;default&#8221; background_color_opacity=&#8221;1&#8243; background_hover_color_opacity=&#8221;1&#8243; column_backdrop_filter=&#8221;none&#8221; column_shadow=&#8221;none&#8221; column_border_radius=&#8221;none&#8221; column_link_target=&#8221;_self&#8221; column_position=&#8221;default&#8221; gradient_direction=&#8221;left_to_right&#8221; overlay_strength=&#8221;0.3&#8243; width=&#8221;1\/6&#8243; tablet_width_inherit=&#8221;default&#8221; animation_type=&#8221;default&#8221; bg_image_animation=&#8221;none&#8221; border_type=&#8221;simple&#8221; column_border_width=&#8221;none&#8221; column_border_style=&#8221;solid&#8221;][\/vc_column][\/vc_row][vc_row type=&#8221;in_container&#8221; full_screen_row_position=&#8221;middle&#8221; column_margin=&#8221;default&#8221; column_direction=&#8221;default&#8221; column_direction_tablet=&#8221;default&#8221; column_direction_phone=&#8221;default&#8221; scene_position=&#8221;center&#8221; top_padding=&#8221;70&#8243; bottom_padding=&#8221;10%&#8221; text_color=&#8221;dark&#8221; text_align=&#8221;center&#8221; row_border_radius=&#8221;none&#8221; row_border_radius_applies=&#8221;bg&#8221; overflow=&#8221;visible&#8221; overlay_strength=&#8221;0.3&#8243; gradient_direction=&#8221;left_to_right&#8221; shape_divider_position=&#8221;bottom&#8221; bg_image_animation=&#8221;none&#8221; gradient_type=&#8221;default&#8221; shape_type=&#8221;&#8221;][vc_column column_padding=&#8221;no-extra-padding&#8221; column_padding_tablet=&#8221;inherit&#8221; column_padding_phone=&#8221;inherit&#8221; column_padding_position=&#8221;all&#8221; column_element_direction_desktop=&#8221;default&#8221; column_element_spacing=&#8221;default&#8221; desktop_text_alignment=&#8221;default&#8221; tablet_text_alignment=&#8221;default&#8221; phone_text_alignment=&#8221;default&#8221; background_color_opacity=&#8221;1&#8243; background_hover_color_opacity=&#8221;1&#8243; column_backdrop_filter=&#8221;none&#8221; column_shadow=&#8221;none&#8221; column_border_radius=&#8221;none&#8221; column_link_target=&#8221;_self&#8221; column_position=&#8221;default&#8221; gradient_direction=&#8221;left_to_right&#8221; overlay_strength=&#8221;0.3&#8243; width=&#8221;1\/1&#8243; tablet_width_inherit=&#8221;default&#8221; animation_type=&#8221;default&#8221; bg_image_animation=&#8221;none&#8221; border_type=&#8221;simple&#8221; column_border_width=&#8221;none&#8221; column_border_style=&#8221;solid&#8221;][divider line_type=&#8221;Vertical Line&#8221; divider_color=&#8221;extra-color-1&#8243; custom_height=&#8221;60&#8243;][vc_column_text css=&#8221;&#8221; text_direction=&#8221;default&#8221;]\n<h3 style=\"text-align: center;\">DOMAINE NICO<\/h3>\n[\/vc_column_text][split_line_heading animation_type=&#8221;twist-in&#8221; font_style=&#8221;h5&#8243; content_alignment=&#8221;default&#8221; mobile_content_alignment=&#8221;inherit&#8221; link_target=&#8221;_self&#8221; text_content=&#8221;- The story behind the name -&#8221; text_direction=&#8221;default&#8221; font_size=&#8221;20&#8243; font_line_height=&#8221;2&#8243;][\/split_line_heading][vc_column_text css=&#8221;.vc_custom_1747939656497{margin-bottom: 35px !important;}&#8221; max_width=&#8221;400px&#8221; text_direction=&#8221;default&#8221;]\n<p style=\"text-align: center;\">Domaine Nico is named after Laura&#8217;s daughter, Nicola, which pays homage to Laura&#8217;s great grand-father, Nicola Catena, founder of Catena Zapata winery in 1902.<\/p>\n[\/vc_column_text][fancy_box box_style=&#8221;hover_desc&#8221; icon_family=&#8221;none&#8221; image_url=&#8221;39&#8243; hover_color=&#8221;accent-color&#8221; hover_color_custom=&#8221;#0a0a0a&#8221; hover_desc_color_opacity=&#8221;0.1&#8243; hover_desc_hover_overlay_opacity=&#8221;0.9&#8243; icon_position=&#8221;bottom&#8221; box_alignment=&#8221;center&#8221; hover_desc_bg_animation=&#8221;long_zoom&#8221; border_radius=&#8221;10px&#8221; image_loading=&#8221;default&#8221; enable_animation=&#8221;true&#8221; animation=&#8221;fade-in&#8221; hover_content=&#8221;<\/p>\n<p>The entire inspiration for this project comes from Laura Catena&#8217;s travels to France. At 15, she went to live alone in that country to work on a farm and study art, never once thinking about wine.<\/p>\n<h5><\/h5>\n<h5><em>&#8220;I&#8217;ve read so many books by Sartre, Camus, and the great French writers, and I&#8217;ve always had that connection with France. I love Burgundy wines, like all of us wine lovers. I thought about the label having this &#8220;hommage&#8220; to Burgundy. It seemed nice, but I wanted a label that also reflected some of the Argentine humor and my family&#8217;s, my personality, and that&#8217;s when I came up with the idea of \u200b\u200b\u200b\u200bnaming it &#8220;Soeur et Fr\u00e8res&#8220; (sister and brothers) because it always bothered me when I went to France that they would say Fr\u00e8res et Soeurs, that they would put the Fr\u00e8res before the Soeurs. Later, when I thought about each plot, the names of each wine came to me not in Spanish or English, but in French.&#8220;<\/em><\/h5>\n<p>&#8221; min_height=&#8221;550&#8243;][\/fancy_box][\/vc_column][\/vc_row]\n","protected":false},"excerpt":{"rendered":"<p>[vc_row type=&#8221;in_container&#8221; full_screen_row_position=&#8221;middle&#8221; column_margin=&#8221;default&#8221; column_direction=&#8221;default&#8221; column_direction_tablet=&#8221;default&#8221; column_direction_phone=&#8221;default&#8221; scene_position=&#8221;center&#8221; text_color=&#8221;dark&#8221; text_align=&#8221;left&#8221; row_border_radius=&#8221;none&#8221; row_border_radius_applies=&#8221;bg&#8221; overflow=&#8221;visible&#8221; overlay_strength=&#8221;0.3&#8243; gradient_direction=&#8221;left_to_right&#8221; shape_divider_position=&#8221;bottom&#8221; bg_image_animation=&#8221;none&#8221;][vc_column column_padding=&#8221;no-extra-padding&#8221; column_padding_tablet=&#8221;inherit&#8221; column_padding_phone=&#8221;inherit&#8221; column_padding_position=&#8221;all&#8221; column_element_direction_desktop=&#8221;default&#8221; column_element_spacing=&#8221;default&#8221; desktop_text_alignment=&#8221;default&#8221; tablet_text_alignment=&#8221;default&#8221; phone_text_alignment=&#8221;default&#8221; background_color_opacity=&#8221;1&#8243; background_hover_color_opacity=&#8221;1&#8243; column_backdrop_filter=&#8221;none&#8221; column_shadow=&#8221;none&#8221;&#8230;<\/p>\n","protected":false},"author":1,"featured_media":0,"parent":0,"menu_order":0,"comment_status":"closed","ping_status":"closed","template":"","meta":{"footnotes":""},"class_list":["post-402","page","type-page","status-publish"],"_links":{"self":[{"href":"https:\/\/domainenico.com\/en\/wp-json\/wp\/v2\/pages\/402","targetHints":{"allow":["GET"]}}],"collection":[{"href":"https:\/\/domainenico.com\/en\/wp-json\/wp\/v2\/pages"}],"about":[{"href":"https:\/\/domainenico.com\/en\/wp-json\/wp\/v2\/types\/page"}],"author":[{"embeddable":true,"href":"https:\/\/domainenico.com\/en\/wp-json\/wp\/v2\/users\/1"}],"replies":[{"embeddable":true,"href":"https:\/\/domainenico.com\/en\/wp-json\/wp\/v2\/comments?post=402"}],"version-history":[{"count":3,"href":"https:\/\/domainenico.com\/en\/wp-json\/wp\/v2\/pages\/402\/revisions"}],"predecessor-version":[{"id":413,"href":"https:\/\/domainenico.com\/en\/wp-json\/wp\/v2\/pages\/402\/revisions\/413"}],"wp:attachment":[{"href":"https:\/\/domainenico.com\/en\/wp-json\/wp\/v2\/media?parent=402"}],"curies":[{"name":"wp","href":"https:\/\/api.w.org\/{rel}","templated":true}]}}